{"id":124,"date":"2018-03-28T12:11:48","date_gmt":"2018-03-28T10:11:48","guid":{"rendered":"http:\/\/maleryd.se\/mandarinen2\/?page_id=124"},"modified":"2022-09-21T11:40:45","modified_gmt":"2022-09-21T09:40:45","slug":"las-mer","status":"publish","type":"page","link":"https:\/\/maleryd.se\/mandarinen2\/las-mer\/","title":{"rendered":"L\u00e4s mer"},"content":{"rendered":"<div id=\"cs-content\" class=\"cs-content\"><div id=\"x-section-1\" class=\"x-section cs-ta-center bg-image\" style=\"margin: 0px;padding: 0px;height:600px; background-image: url(https:\/\/maleryd.se\/mandarinen2\/wp-content\/uploads\/2022\/09\/mandarinen-2.jpg); background-color: transparent;\" data-x-element=\"section\" data-x-params=\"{&quot;type&quot;:&quot;image&quot;,&quot;parallax&quot;:false}\"><div id=\"\" class=\"x-container max width\" style=\"margin: 0px auto;padding: 0px;\" ><div  class=\"x-column x-sm x-1-1\" style=\"padding: 0px; background-color:hsla(48, 74%, 62%, 0);\" >&nbsp;<\/div><\/div><\/div><div id=\"x-section-2\" class=\"x-section cs-ta-center\" style=\"margin: 0px;padding: 0px; background-color: transparent;\" ><div id=\"\" class=\"x-container max width\" style=\"margin: 0px auto;padding: 0px;\" ><div  class=\"x-column x-sm x-1-1\" style=\"padding: px;margin-top:10%;margin-bottom:200px; background-color:hsla(48, 74%, 62%, 0);\" ><h2  class=\"h-custom-headline h2\" style=\"color: hsl(0, 0%, 17%);\"><span>Ett omr\u00e5de med sj\u00e4l och hj\u00e4rta<\/span><\/h2><div id=\"\" class=\"x-text\" style=\"color:#000;\" ><p>N\u00e4r vi planerade Mandarinen 2 hade vi redan fr\u00e5n b\u00f6rjan som m\u00e5l att skapa ett bostadsomr\u00e5de med mycket sj\u00e4l och hj\u00e4rta. Vi ville skapa naturliga och trivsamma samlingsplatser som g\u00f6r att folk r\u00f6r sig i omr\u00e5det och p\u00e5 s\u00e5 s\u00e4tt skapar b\u00e5de trygghet och en k\u00e4nsla av liv och gemenskap.<br \/>\nOch precis s\u00e5 har det blivit. V\u00e5r f\u00f6rhoppning om att Mandarinen 2 ska vara ett omr\u00e5de d\u00e4r man d\u00e4r man trivs, d\u00e4r nya bekantskaper odlas och d\u00e4r man vill bo l\u00e4nge har infriats med r\u00e5ge!<\/p>\n<\/div><\/div><\/div><\/div><\/div>\n","protected":false},"excerpt":{"rendered":"","protected":false},"author":1,"featured_media":0,"parent":0,"menu_order":0,"comment_status":"closed","ping_status":"closed","template":"template-blank-4.php","meta":[],"_links":{"self":[{"href":"https:\/\/maleryd.se\/mandarinen2\/wp-json\/wp\/v2\/pages\/124"}],"collection":[{"href":"https:\/\/maleryd.se\/mandarinen2\/wp-json\/wp\/v2\/pages"}],"about":[{"href":"https:\/\/maleryd.se\/mandarinen2\/wp-json\/wp\/v2\/types\/page"}],"author":[{"embeddable":true,"href":"https:\/\/maleryd.se\/mandarinen2\/wp-json\/wp\/v2\/users\/1"}],"replies":[{"embeddable":true,"href":"https:\/\/maleryd.se\/mandarinen2\/wp-json\/wp\/v2\/comments?post=124"}],"version-history":[{"count":11,"href":"https:\/\/maleryd.se\/mandarinen2\/wp-json\/wp\/v2\/pages\/124\/revisions"}],"predecessor-version":[{"id":220,"href":"https:\/\/maleryd.se\/mandarinen2\/wp-json\/wp\/v2\/pages\/124\/revisions\/220"}],"wp:attachment":[{"href":"https:\/\/maleryd.se\/mandarinen2\/wp-json\/wp\/v2\/media?parent=124"}],"curies":[{"name":"wp","href":"https:\/\/api.w.org\/{rel}","templated":true}]}}