{"id":5,"date":"2018-03-26T18:59:15","date_gmt":"2018-03-26T16:59:15","guid":{"rendered":"http:\/\/maleryd.se\/mandarinen2\/?page_id=5"},"modified":"2022-09-21T11:40:21","modified_gmt":"2022-09-21T09:40:21","slug":"start","status":"publish","type":"page","link":"https:\/\/maleryd.se\/mandarinen2\/","title":{"rendered":"Start"},"content":{"rendered":"<div id=\"cs-content\" class=\"cs-content\"><div id=\"x-section-1\" class=\"x-section cs-ta-center bg-image\" style=\"margin: 0px;padding: 0px;height:600px; background-image: url(https:\/\/maleryd.se\/mandarinen2\/wp-content\/uploads\/2022\/09\/mandarinen-2.jpg); background-color: transparent;\" data-x-element=\"section\" data-x-params=\"{&quot;type&quot;:&quot;image&quot;,&quot;parallax&quot;:false}\"><div id=\"\" class=\"x-container max width\" style=\"margin: 0px auto;padding: 0px;\" ><div  class=\"x-column x-sm x-1-1\" style=\"padding: 0px; background-color:hsla(48, 74%, 62%, 0);\" >&nbsp;<\/div><\/div><\/div><div id=\"x-section-2\" class=\"x-section cs-ta-center\" style=\"margin: 0px;padding: 0px; background-color: transparent;\" ><div id=\"\" class=\"x-container max width\" style=\"margin: 0px auto;padding: 0px;\" ><div  class=\"x-column x-sm x-1-1\" style=\"padding: 0px;margin-top:10%; background-color:hsla(48, 74%, 62%, 0);\" ><h2  class=\"h-custom-headline h2\" style=\"color: hsl(0, 0%, 17%);\"><span>Mandarinen 2 \u2013 ett omr\u00e5de att trivas i<\/span><\/h2><div id=\"\" class=\"x-text\" style=\"color:#000;\" ><p>De tre svartgula husen p\u00e5 Tr\u00e4sl\u00f6vsv\u00e4gen 142 F, G och H blev en snackis redan n\u00e4r de byggdes 2018. Den dj\u00e4rva f\u00e4rgs\u00e4ttningen gav omr\u00e5det smeknamn som \u201dGetinghusen\u201d, \u201dAIK-husen\u201d och \u201dMekonomenhusen\u201d \u2013 sn\u00e4lla namn som dock snabbt klingade av till f\u00f6rm\u00e5nen f\u00f6r det riktiga namnet: Mandarinen.<\/p>\n<\/p>\n<p>Intresset f\u00f6r omr\u00e5det var stort redan fr\u00e5n b\u00f6rjan och har bara \u00f6kat med tiden. Inte s\u00e5 konstigt, med tanke p\u00e5 n\u00e4rheten till gr\u00f6nomr\u00e5den, den trivsamma omgivningen med \u00e4ldre villor och uppvuxna tr\u00e4dg\u00e5rdar och med perfekt g\u00e5ng- och cykelavst\u00e5nd till centrum. Men kanske \u00e4nnu mer f\u00f6r den sociala gemenskapen, milj\u00f6t\u00e4nket och merv\u00e4rden som till exempel egen cykelverkstad, grillplatser, orangeri och tillg\u00e5ng till \u201dBikupan\u201d \u2013 ett extra vardagsrum p\u00e5 g\u00e5rden om alla hyresg\u00e4ster har tillg\u00e5ng till.<\/p>\n<\/div><\/div><\/div><\/div><div id=\"x-section-3\" class=\"x-section\" style=\"margin: 0px 0px 75px;padding: 45px 0px; background-color: transparent;\" ><div id=\"\" class=\"x-container max width\" style=\"margin: 0px auto;padding: 0px;\" ><div  class=\"x-column x-sm x-1-2\" style=\"padding: 0px;\" ><div  class=\"x-feature-box center-text top-text cf\" style=\" max-width: none;\" data-x-element=\"feature_box\" data-x-params=\"{&quot;child&quot;:false,&quot;graphicAnimation&quot;:&quot;none&quot;,&quot;graphicAnimationOffset&quot;:&quot;50&quot;,&quot;graphicAnimationDelay&quot;:&quot;0&quot;}\"><div class=\"x-feature-box-graphic circle \"><div class=\"x-feature-box-graphic-outer circle\" style=\"\"><div class=\"x-feature-box-graphic-inner circle\" style=\"font-size: 100px;\"><i class=\"x-icon-file-text-o circle\" data-x-icon-o=\"&#xf15c;\"  style=\"margin: 0 auto; color: rgb(255, 255, 255); background-color: rgb(217, 200, 59);\"><\/i><\/div><\/div><\/div><div class=\"x-feature-box-content \"><h4 class=\"x-feature-box-title\">L\u00e4s mer<\/h4><p class=\"x-feature-box-text\"> <a href=\"https:\/\/maleryd.se\/mandarinen2\/las-mer\/\" title=\"V\u00e5rt nya bostadsomr\u00e5de har fokus p\u00e5 gemenskap och ett aktivt liv. \" style=\"color: rgb(162, 159, 159);\">V\u00e5rt nya bostadsomr\u00e5de har fokus p\u00e5 gemenskap och ett aktivt liv. <\/a><\/p><\/div><\/div><\/div><div  class=\"x-column x-sm x-1-2\" style=\"padding: 0px;\" ><div  class=\"x-feature-box center-text top-text cf\" style=\" max-width: none;\" data-x-element=\"feature_box\" data-x-params=\"{&quot;child&quot;:false,&quot;graphicAnimation&quot;:&quot;none&quot;,&quot;graphicAnimationOffset&quot;:&quot;50&quot;,&quot;graphicAnimationDelay&quot;:&quot;0&quot;}\"><div class=\"x-feature-box-graphic circle \"><div class=\"x-feature-box-graphic-outer circle\" style=\"\"><div class=\"x-feature-box-graphic-inner circle\" style=\"font-size: 100px;\"><i class=\"x-icon-codepen circle\" data-x-icon-b=\"&#xf1cb;\"  style=\"margin: 0 auto; color: #ffffff; background-color: rgb(217, 200, 59);\"><\/i><\/div><\/div><\/div><div class=\"x-feature-box-content \"><h4 class=\"x-feature-box-title\">Planritningar<\/h4><p class=\"x-feature-box-text\"> <a href=\"https:\/\/maleryd.se\/mandarinen2\/planritningar\" title=\"H\u00e4r hittar du ritningar \u00f6ver v\u00e5ningsplan och l\u00e4genheter.\" style=\"color: rgb(162, 159, 159);\">H\u00e4r hittar du ritningar \u00f6ver v\u00e5ningsplan och l\u00e4genheter.<\/a><\/p><\/div><\/div><\/div><\/div><\/div><\/div>\n","protected":false},"excerpt":{"rendered":"","protected":false},"author":1,"featured_media":0,"parent":0,"menu_order":0,"comment_status":"closed","ping_status":"closed","template":"template-blank-4.php","meta":[],"_links":{"self":[{"href":"https:\/\/maleryd.se\/mandarinen2\/wp-json\/wp\/v2\/pages\/5"}],"collection":[{"href":"https:\/\/maleryd.se\/mandarinen2\/wp-json\/wp\/v2\/pages"}],"about":[{"href":"https:\/\/maleryd.se\/mandarinen2\/wp-json\/wp\/v2\/types\/page"}],"author":[{"embeddable":true,"href":"https:\/\/maleryd.se\/mandarinen2\/wp-json\/wp\/v2\/users\/1"}],"replies":[{"embeddable":true,"href":"https:\/\/maleryd.se\/mandarinen2\/wp-json\/wp\/v2\/comments?post=5"}],"version-history":[{"count":40,"href":"https:\/\/maleryd.se\/mandarinen2\/wp-json\/wp\/v2\/pages\/5\/revisions"}],"predecessor-version":[{"id":218,"href":"https:\/\/maleryd.se\/mandarinen2\/wp-json\/wp\/v2\/pages\/5\/revisions\/218"}],"wp:attachment":[{"href":"https:\/\/maleryd.se\/mandarinen2\/wp-json\/wp\/v2\/media?parent=5"}],"curies":[{"name":"wp","href":"https:\/\/api.w.org\/{rel}","templated":true}]}}